{"id":11238,"date":"2023-07-25T12:35:43","date_gmt":"2023-07-25T16:35:43","guid":{"rendered":"https:\/\/tribu.la\/?page_id=11238"},"modified":"2024-08-24T12:22:33","modified_gmt":"2024-08-24T16:22:33","slug":"land","status":"publish","type":"page","link":"https:\/\/tribu.la\/pt\/","title":{"rendered":"In\u00edcio"},"content":{"rendered":"<p>&nbsp;<\/p>\n<p><strong>Por favor <a href=\"https:\/\/tribu.la\/wp-login.php\">login<\/a> ou <a href=\"https:\/\/tribu.la\/pt\/registro\/\">registrar-se<\/a> gratuitamente para acessar este conte\u00fado.<\/strong><\/p>\n<p>&nbsp;<\/p>\n<p><em>Por favor <a href=\"https:\/\/tribu.la\/wp-login.php\">iniciar sess\u00e3o<\/a> o <a href=\"https:\/\/tribu.la\/pt\/registro\/\">reg\u00edstrate<\/a> de forma gratuita para acessar este conte\u00fado.<\/em><\/p>\n<p><em>Por favor <a href=\"https:\/\/tribu.la\/wp-login.php\">fazer login<\/a> ou <a href=\"https:\/\/tribu.la\/pt\/registro\/\">inscreva-se<\/a> gratuitamente para acessar esse conte\u00fado.<\/em><\/p>\n<p>&nbsp;<\/p>\n<p>&nbsp;<\/p>","protected":false},"excerpt":{"rendered":"<p>&nbsp; Fa\u00e7a login ou registre-se gratuitamente para acessar este conte\u00fado.   Por favor, inicie a sess\u00e3o ou registre-se de forma gratuita para acessar<\/p>","protected":false},"author":16,"featured_media":0,"parent":0,"menu_order":0,"comment_status":"closed","ping_status":"closed","template":"","meta":{"_monsterinsights_skip_tracking":false,"_monsterinsights_sitenote_active":false,"_monsterinsights_sitenote_note":"","_monsterinsights_sitenote_category":0,"_vp_format_video_url":"","_vp_image_focal_point":[],"footnotes":""},"class_list":["post-11238","page","type-page","status-publish","hentry"],"acf":[],"aioseo_notices":[],"jetpack_sharing_enabled":true,"publishpress_future_workflow_manual_trigger":{"enabledWorkflows":[]},"_links":{"self":[{"href":"https:\/\/tribu.la\/pt\/wp-json\/wp\/v2\/pages\/11238","targetHints":{"allow":["GET"]}}],"collection":[{"href":"https:\/\/tribu.la\/pt\/wp-json\/wp\/v2\/pages"}],"about":[{"href":"https:\/\/tribu.la\/pt\/wp-json\/wp\/v2\/types\/page"}],"author":[{"embeddable":true,"href":"https:\/\/tribu.la\/pt\/wp-json\/wp\/v2\/users\/16"}],"replies":[{"embeddable":true,"href":"https:\/\/tribu.la\/pt\/wp-json\/wp\/v2\/comments?post=11238"}],"version-history":[{"count":5,"href":"https:\/\/tribu.la\/pt\/wp-json\/wp\/v2\/pages\/11238\/revisions"}],"predecessor-version":[{"id":15808,"href":"https:\/\/tribu.la\/pt\/wp-json\/wp\/v2\/pages\/11238\/revisions\/15808"}],"wp:attachment":[{"href":"https:\/\/tribu.la\/pt\/wp-json\/wp\/v2\/media?parent=11238"}],"curies":[{"name":"wp","href":"https:\/\/api.w.org\/{rel}","templated":true}]}}