{"id":11238,"date":"2023-07-25T12:35:43","date_gmt":"2023-07-25T16:35:43","guid":{"rendered":"https:\/\/tribu.la\/?page_id=11238"},"modified":"2024-08-24T12:22:33","modified_gmt":"2024-08-24T16:22:33","slug":"terreno","status":"publish","type":"page","link":"https:\/\/tribu.la\/es\/","title":{"rendered":"Inicio"},"content":{"rendered":"<p>&nbsp;<\/p>\n<p><strong>Por favor, <a href=\"https:\/\/tribu.la\/wp-login.php\">inicio de sesi\u00f3n<\/a> o <a href=\"https:\/\/tribu.la\/es\/registrese-en\/\">inscribirse<\/a> gratis para acceder a este contenido.<\/strong><\/p>\n<p>&nbsp;<\/p>\n<p><em>Por favor <a href=\"https:\/\/tribu.la\/wp-login.php\">inicia sesi\u00f3n<\/a> o <a href=\"https:\/\/tribu.la\/es\/registrese-en\/\">reg\u00edstrate<\/a> de forma gratuita para acceder a este contenido.<\/em><\/p>\n<p><em>Por favor <a href=\"https:\/\/tribu.la\/wp-login.php\">fa\u00e7a login<\/a> ou <a href=\"https:\/\/tribu.la\/es\/registrese-en\/\">inscr\u00edbase en<\/a> gratuitamente para acceder a este contenido.<\/em><\/p>\n<p>&nbsp;<\/p>\n<p>&nbsp;<\/p>","protected":false},"excerpt":{"rendered":"<p>&nbsp; Por favor inicia sesi\u00f3n o reg\u00edstrate de forma gratuita para acceder a este contenido.   Por favor inicia sesi\u00f3n o reg\u00edstrate de forma gratuita para acceder a<\/p>","protected":false},"author":16,"featured_media":0,"parent":0,"menu_order":0,"comment_status":"closed","ping_status":"closed","template":"","meta":{"_monsterinsights_skip_tracking":false,"_monsterinsights_sitenote_active":false,"_monsterinsights_sitenote_note":"","_monsterinsights_sitenote_category":0,"_vp_format_video_url":"","_vp_image_focal_point":[],"footnotes":""},"class_list":["post-11238","page","type-page","status-publish","hentry"],"acf":[],"aioseo_notices":[],"jetpack_sharing_enabled":true,"publishpress_future_workflow_manual_trigger":{"enabledWorkflows":[]},"_links":{"self":[{"href":"https:\/\/tribu.la\/es\/wp-json\/wp\/v2\/pages\/11238","targetHints":{"allow":["GET"]}}],"collection":[{"href":"https:\/\/tribu.la\/es\/wp-json\/wp\/v2\/pages"}],"about":[{"href":"https:\/\/tribu.la\/es\/wp-json\/wp\/v2\/types\/page"}],"author":[{"embeddable":true,"href":"https:\/\/tribu.la\/es\/wp-json\/wp\/v2\/users\/16"}],"replies":[{"embeddable":true,"href":"https:\/\/tribu.la\/es\/wp-json\/wp\/v2\/comments?post=11238"}],"version-history":[{"count":5,"href":"https:\/\/tribu.la\/es\/wp-json\/wp\/v2\/pages\/11238\/revisions"}],"predecessor-version":[{"id":15808,"href":"https:\/\/tribu.la\/es\/wp-json\/wp\/v2\/pages\/11238\/revisions\/15808"}],"wp:attachment":[{"href":"https:\/\/tribu.la\/es\/wp-json\/wp\/v2\/media?parent=11238"}],"curies":[{"name":"wp","href":"https:\/\/api.w.org\/{rel}","templated":true}]}}